{"id":405,"date":"2024-04-30T19:38:54","date_gmt":"2024-04-30T22:38:54","guid":{"rendered":"https:\/\/alvoradadaserra.com.br\/chales\/?page_id=405"},"modified":"2024-05-02T15:46:18","modified_gmt":"2024-05-02T18:46:18","slug":"chale-cerejeira","status":"publish","type":"page","link":"https:\/\/alvoradadaserra.com.br\/chales\/chale-cerejeira\/","title":{"rendered":"Chal\u00e9 Cerejeira"},"content":{"rendered":"<p><img loading=\"lazy\" decoding=\"async\" class=\"aligncenter size-full wp-image-622\" src=\"https:\/\/alvoradadaserra.com.br\/chales\/wp-content\/uploads\/2024\/04\/CHALES_ALVORADA_SERRA.jpg\" alt=\"\" width=\"1360\" height=\"350\" srcset=\"https:\/\/alvoradadaserra.com.br\/chales\/wp-content\/uploads\/2024\/04\/CHALES_ALVORADA_SERRA.jpg 1360w, https:\/\/alvoradadaserra.com.br\/chales\/wp-content\/uploads\/2024\/04\/CHALES_ALVORADA_SERRA-300x77.jpg 300w, https:\/\/alvoradadaserra.com.br\/chales\/wp-content\/uploads\/2024\/04\/CHALES_ALVORADA_SERRA-1024x264.jpg 1024w, https:\/\/alvoradadaserra.com.br\/chales\/wp-content\/uploads\/2024\/04\/CHALES_ALVORADA_SERRA-768x198.jpg 768w\" sizes=\"(max-width: 1360px) 100vw, 1360px\" \/><\/p>\n\n\n<p class=\"has-text-align-center\"><strong>O Chal\u00e9 Cerejeira<\/strong> (m\u00e1ster luxo) s\u00e3o 40 metros quadrados, vista panor\u00e2mica para as montanhas, acomoda 02 pessoas possui, cama queen size, mesa com 2 cadeiras, <strong>lareira<\/strong>, TV 50, chuveiro a g\u00e1s,\u00a0<strong>banheira de hidromassagem com cromoterapia<\/strong>, frigobar, banheiro com secador de cabelo. Delicioso caf\u00e9 da manh\u00e3 na cesta entregue no chal\u00e9 \u00e0s 08:30 ou retirada at\u00e9 \u00e0s 11:00, no alto da montanha ao redor de muita natureza.\u201d<\/p>\n\n\n<p style=\"text-align: center;\"><div id=\"maxgallery-456\" class=\"mg-image-tiles borderless\">\t<div class=\"mg-thumbs mg-fivecol\">\t\t<ul><li>\t<a class='lightbox-456' href='https:\/\/alvoradadaserra.com.br\/chales\/wp-content\/uploads\/2024\/04\/WhatsApp-Image-2024-04-29-at-15.49.51.jpeg'  title='' aria-haspopup='dialog' data-lightbox-gallery='gallery-456' >\t\t<div class=\"\"><img class=\"mg_lazy\" data-src=\"https:\/\/alvoradadaserra.com.br\/chales\/wp-content\/uploads\/2024\/04\/WhatsApp-Image-2024-04-29-at-15.49.51-200x200.jpeg\" width=\"200\" height=\"200\" alt=\"\" title=\"WhatsApp Image 2024-04-29 at 15.49.51\" \/><noscript><img loading=\"lazy\" decoding=\"async\" src=\"https:\/\/alvoradadaserra.com.br\/chales\/wp-content\/uploads\/2024\/04\/WhatsApp-Image-2024-04-29-at-15.49.51-200x200.jpeg\" width=\"200\" height=\"200\" alt=\"\" \/><\/noscript>\t\t<\/div>\t<\/a><\/li><li>\t<a class='lightbox-456' href='https:\/\/alvoradadaserra.com.br\/chales\/wp-content\/uploads\/2024\/04\/WhatsApp-Image-2024-04-29-at-10.25.27.jpeg'  title='' aria-haspopup='dialog' data-lightbox-gallery='gallery-456' >\t\t<div class=\"\"><img class=\"mg_lazy\" data-src=\"https:\/\/alvoradadaserra.com.br\/chales\/wp-content\/uploads\/2024\/04\/WhatsApp-Image-2024-04-29-at-10.25.27-200x200.jpeg\" width=\"200\" height=\"200\" alt=\"\" title=\"WhatsApp Image 2024-04-29 at 10.25.27\" \/><noscript><img loading=\"lazy\" decoding=\"async\" src=\"https:\/\/alvoradadaserra.com.br\/chales\/wp-content\/uploads\/2024\/04\/WhatsApp-Image-2024-04-29-at-10.25.27-200x200.jpeg\" width=\"200\" height=\"200\" alt=\"\" \/><\/noscript>\t\t<\/div>\t<\/a><\/li><li>\t<a class='lightbox-456' href='https:\/\/alvoradadaserra.com.br\/chales\/wp-content\/uploads\/2024\/04\/WhatsApp-Image-2024-04-29-at-10.25.27-2.jpeg'  title='' aria-haspopup='dialog' data-lightbox-gallery='gallery-456' >\t\t<div class=\"\"><img class=\"mg_lazy\" data-src=\"https:\/\/alvoradadaserra.com.br\/chales\/wp-content\/uploads\/2024\/04\/WhatsApp-Image-2024-04-29-at-10.25.27-2-200x200.jpeg\" width=\"200\" height=\"200\" alt=\"\" title=\"WhatsApp Image 2024-04-29 at 10.25.27 (2)\" \/><noscript><img loading=\"lazy\" decoding=\"async\" src=\"https:\/\/alvoradadaserra.com.br\/chales\/wp-content\/uploads\/2024\/04\/WhatsApp-Image-2024-04-29-at-10.25.27-2-200x200.jpeg\" width=\"200\" height=\"200\" alt=\"\" \/><\/noscript>\t\t<\/div>\t<\/a><\/li><li>\t<a class='lightbox-456' href='https:\/\/alvoradadaserra.com.br\/chales\/wp-content\/uploads\/2024\/04\/WhatsApp-Image-2024-04-29-at-10.25.27-1.jpeg'  title='' aria-haspopup='dialog' data-lightbox-gallery='gallery-456' >\t\t<div class=\"\"><img class=\"mg_lazy\" data-src=\"https:\/\/alvoradadaserra.com.br\/chales\/wp-content\/uploads\/2024\/04\/WhatsApp-Image-2024-04-29-at-10.25.27-1-200x200.jpeg\" width=\"200\" height=\"200\" alt=\"\" title=\"WhatsApp Image 2024-04-29 at 10.25.27 (1)\" \/><noscript><img loading=\"lazy\" decoding=\"async\" src=\"https:\/\/alvoradadaserra.com.br\/chales\/wp-content\/uploads\/2024\/04\/WhatsApp-Image-2024-04-29-at-10.25.27-1-200x200.jpeg\" width=\"200\" height=\"200\" alt=\"\" \/><\/noscript>\t\t<\/div>\t<\/a><\/li><li>\t<a class='lightbox-456' href='https:\/\/alvoradadaserra.com.br\/chales\/wp-content\/uploads\/2024\/04\/WhatsApp-Image-2024-04-29-at-10.25.26-2.jpeg'  title='' aria-haspopup='dialog' data-lightbox-gallery='gallery-456' >\t\t<div class=\"\"><img class=\"mg_lazy\" data-src=\"https:\/\/alvoradadaserra.com.br\/chales\/wp-content\/uploads\/2024\/04\/WhatsApp-Image-2024-04-29-at-10.25.26-2-200x200.jpeg\" width=\"200\" height=\"200\" alt=\"\" title=\"WhatsApp Image 2024-04-29 at 10.25.26 (2)\" \/><noscript><img loading=\"lazy\" decoding=\"async\" src=\"https:\/\/alvoradadaserra.com.br\/chales\/wp-content\/uploads\/2024\/04\/WhatsApp-Image-2024-04-29-at-10.25.26-2-200x200.jpeg\" width=\"200\" height=\"200\" alt=\"\" \/><\/noscript>\t\t<\/div>\t<\/a><\/li><li>\t<a class='lightbox-456' href='https:\/\/alvoradadaserra.com.br\/chales\/wp-content\/uploads\/2024\/04\/WhatsApp-Image-2024-04-29-at-10.25.25.jpeg'  title='' aria-haspopup='dialog' data-lightbox-gallery='gallery-456' >\t\t<div class=\"\"><img class=\"mg_lazy\" data-src=\"https:\/\/alvoradadaserra.com.br\/chales\/wp-content\/uploads\/2024\/04\/WhatsApp-Image-2024-04-29-at-10.25.25-200x200.jpeg\" width=\"200\" height=\"200\" alt=\"\" title=\"WhatsApp Image 2024-04-29 at 10.25.25\" \/><noscript><img loading=\"lazy\" decoding=\"async\" src=\"https:\/\/alvoradadaserra.com.br\/chales\/wp-content\/uploads\/2024\/04\/WhatsApp-Image-2024-04-29-at-10.25.25-200x200.jpeg\" width=\"200\" height=\"200\" alt=\"\" \/><\/noscript>\t\t<\/div>\t<\/a><\/li><li>\t<a class='lightbox-456' href='https:\/\/alvoradadaserra.com.br\/chales\/wp-content\/uploads\/2024\/04\/WhatsApp-Image-2024-04-29-at-10.25.24.jpeg'  title='' aria-haspopup='dialog' data-lightbox-gallery='gallery-456' >\t\t<div class=\"\"><img class=\"mg_lazy\" data-src=\"https:\/\/alvoradadaserra.com.br\/chales\/wp-content\/uploads\/2024\/04\/WhatsApp-Image-2024-04-29-at-10.25.24-200x200.jpeg\" width=\"200\" height=\"200\" alt=\"\" title=\"WhatsApp Image 2024-04-29 at 10.25.24\" \/><noscript><img loading=\"lazy\" decoding=\"async\" src=\"https:\/\/alvoradadaserra.com.br\/chales\/wp-content\/uploads\/2024\/04\/WhatsApp-Image-2024-04-29-at-10.25.24-200x200.jpeg\" width=\"200\" height=\"200\" alt=\"\" \/><\/noscript>\t\t<\/div>\t<\/a><\/li><li>\t<a class='lightbox-456' href='https:\/\/alvoradadaserra.com.br\/chales\/wp-content\/uploads\/2024\/04\/WhatsApp-Image-2024-04-29-at-10.25.24-4.jpeg'  title='' aria-haspopup='dialog' data-lightbox-gallery='gallery-456' >\t\t<div class=\"\"><img class=\"mg_lazy\" data-src=\"https:\/\/alvoradadaserra.com.br\/chales\/wp-content\/uploads\/2024\/04\/WhatsApp-Image-2024-04-29-at-10.25.24-4-200x200.jpeg\" width=\"200\" height=\"200\" alt=\"\" title=\"WhatsApp Image 2024-04-29 at 10.25.24 (4)\" \/><noscript><img loading=\"lazy\" decoding=\"async\" src=\"https:\/\/alvoradadaserra.com.br\/chales\/wp-content\/uploads\/2024\/04\/WhatsApp-Image-2024-04-29-at-10.25.24-4-200x200.jpeg\" width=\"200\" height=\"200\" alt=\"\" \/><\/noscript>\t\t<\/div>\t<\/a><\/li><li>\t<a class='lightbox-456' href='https:\/\/alvoradadaserra.com.br\/chales\/wp-content\/uploads\/2024\/04\/WhatsApp-Image-2024-04-29-at-10.25.24-3.jpeg'  title='' aria-haspopup='dialog' data-lightbox-gallery='gallery-456' >\t\t<div class=\"\"><img class=\"mg_lazy\" data-src=\"https:\/\/alvoradadaserra.com.br\/chales\/wp-content\/uploads\/2024\/04\/WhatsApp-Image-2024-04-29-at-10.25.24-3-200x200.jpeg\" width=\"200\" height=\"200\" alt=\"\" title=\"WhatsApp Image 2024-04-29 at 10.25.24 (3)\" \/><noscript><img loading=\"lazy\" decoding=\"async\" src=\"https:\/\/alvoradadaserra.com.br\/chales\/wp-content\/uploads\/2024\/04\/WhatsApp-Image-2024-04-29-at-10.25.24-3-200x200.jpeg\" width=\"200\" height=\"200\" alt=\"\" \/><\/noscript>\t\t<\/div>\t<\/a><\/li><li>\t<a class='lightbox-456' href='https:\/\/alvoradadaserra.com.br\/chales\/wp-content\/uploads\/2024\/04\/WhatsApp-Image-2024-04-29-at-10.25.24-2.jpeg'  title='' aria-haspopup='dialog' data-lightbox-gallery='gallery-456' >\t\t<div class=\"\"><img class=\"mg_lazy\" data-src=\"https:\/\/alvoradadaserra.com.br\/chales\/wp-content\/uploads\/2024\/04\/WhatsApp-Image-2024-04-29-at-10.25.24-2-200x200.jpeg\" width=\"200\" height=\"200\" alt=\"\" title=\"WhatsApp Image 2024-04-29 at 10.25.24 (2)\" \/><noscript><img loading=\"lazy\" decoding=\"async\" src=\"https:\/\/alvoradadaserra.com.br\/chales\/wp-content\/uploads\/2024\/04\/WhatsApp-Image-2024-04-29-at-10.25.24-2-200x200.jpeg\" width=\"200\" height=\"200\" alt=\"\" \/><\/noscript>\t\t<\/div>\t<\/a><\/li><li>\t<a class='lightbox-456' href='https:\/\/alvoradadaserra.com.br\/chales\/wp-content\/uploads\/2024\/04\/WhatsApp-Image-2024-04-29-at-10.25.24-1.jpeg'  title='' aria-haspopup='dialog' data-lightbox-gallery='gallery-456' >\t\t<div class=\"\"><img class=\"mg_lazy\" data-src=\"https:\/\/alvoradadaserra.com.br\/chales\/wp-content\/uploads\/2024\/04\/WhatsApp-Image-2024-04-29-at-10.25.24-1-200x200.jpeg\" width=\"200\" height=\"200\" alt=\"\" title=\"WhatsApp Image 2024-04-29 at 10.25.24 (1)\" \/><noscript><img loading=\"lazy\" decoding=\"async\" src=\"https:\/\/alvoradadaserra.com.br\/chales\/wp-content\/uploads\/2024\/04\/WhatsApp-Image-2024-04-29-at-10.25.24-1-200x200.jpeg\" width=\"200\" height=\"200\" alt=\"\" \/><\/noscript>\t\t<\/div>\t<\/a><\/li><li>\t<a class='lightbox-456' href='https:\/\/alvoradadaserra.com.br\/chales\/wp-content\/uploads\/2024\/04\/WhatsApp-Image-2024-04-29-at-10.25.23-4.jpeg'  title='' aria-haspopup='dialog' data-lightbox-gallery='gallery-456' >\t\t<div class=\"\"><img class=\"mg_lazy\" data-src=\"https:\/\/alvoradadaserra.com.br\/chales\/wp-content\/uploads\/2024\/04\/WhatsApp-Image-2024-04-29-at-10.25.23-4-200x200.jpeg\" width=\"200\" height=\"200\" alt=\"\" title=\"WhatsApp Image 2024-04-29 at 10.25.23 (4)\" \/><noscript><img loading=\"lazy\" decoding=\"async\" src=\"https:\/\/alvoradadaserra.com.br\/chales\/wp-content\/uploads\/2024\/04\/WhatsApp-Image-2024-04-29-at-10.25.23-4-200x200.jpeg\" width=\"200\" height=\"200\" alt=\"\" \/><\/noscript>\t\t<\/div>\t<\/a><\/li><li>\t<a class='lightbox-456' href='https:\/\/alvoradadaserra.com.br\/chales\/wp-content\/uploads\/2024\/04\/WhatsApp-Image-2024-04-29-at-10.25.23-3.jpeg'  title='' aria-haspopup='dialog' data-lightbox-gallery='gallery-456' >\t\t<div class=\"\"><img class=\"mg_lazy\" data-src=\"https:\/\/alvoradadaserra.com.br\/chales\/wp-content\/uploads\/2024\/04\/WhatsApp-Image-2024-04-29-at-10.25.23-3-200x200.jpeg\" width=\"200\" height=\"200\" alt=\"\" title=\"WhatsApp Image 2024-04-29 at 10.25.23 (3)\" \/><noscript><img loading=\"lazy\" decoding=\"async\" src=\"https:\/\/alvoradadaserra.com.br\/chales\/wp-content\/uploads\/2024\/04\/WhatsApp-Image-2024-04-29-at-10.25.23-3-200x200.jpeg\" width=\"200\" height=\"200\" alt=\"\" \/><\/noscript>\t\t<\/div>\t<\/a><\/li><li>\t<a class='lightbox-456' href='https:\/\/alvoradadaserra.com.br\/chales\/wp-content\/uploads\/2024\/04\/WhatsApp-Image-2024-04-29-at-10.25.23-2.jpeg'  title='' aria-haspopup='dialog' data-lightbox-gallery='gallery-456' >\t\t<div class=\"\"><img class=\"mg_lazy\" data-src=\"https:\/\/alvoradadaserra.com.br\/chales\/wp-content\/uploads\/2024\/04\/WhatsApp-Image-2024-04-29-at-10.25.23-2-200x200.jpeg\" width=\"200\" height=\"200\" alt=\"\" title=\"WhatsApp Image 2024-04-29 at 10.25.23 (2)\" \/><noscript><img loading=\"lazy\" decoding=\"async\" src=\"https:\/\/alvoradadaserra.com.br\/chales\/wp-content\/uploads\/2024\/04\/WhatsApp-Image-2024-04-29-at-10.25.23-2-200x200.jpeg\" width=\"200\" height=\"200\" alt=\"\" \/><\/noscript>\t\t<\/div>\t<\/a><\/li><li>\t<a class='lightbox-456' href='https:\/\/alvoradadaserra.com.br\/chales\/wp-content\/uploads\/2024\/04\/WhatsApp-Image-2024-04-29-at-10.25.22.jpeg'  title='' aria-haspopup='dialog' data-lightbox-gallery='gallery-456' >\t\t<div class=\"\"><img class=\"mg_lazy\" data-src=\"https:\/\/alvoradadaserra.com.br\/chales\/wp-content\/uploads\/2024\/04\/WhatsApp-Image-2024-04-29-at-10.25.22-200x200.jpeg\" width=\"200\" height=\"200\" alt=\"\" title=\"WhatsApp Image 2024-04-29 at 10.25.22\" \/><noscript><img loading=\"lazy\" decoding=\"async\" src=\"https:\/\/alvoradadaserra.com.br\/chales\/wp-content\/uploads\/2024\/04\/WhatsApp-Image-2024-04-29-at-10.25.22-200x200.jpeg\" width=\"200\" height=\"200\" alt=\"\" \/><\/noscript>\t\t<\/div>\t<\/a><\/li><li>\t<a class='lightbox-456' href='https:\/\/alvoradadaserra.com.br\/chales\/wp-content\/uploads\/2024\/04\/WhatsApp-Image-2024-04-29-at-10.25.21-1.jpeg'  title='' aria-haspopup='dialog' data-lightbox-gallery='gallery-456' >\t\t<div class=\"\"><img class=\"mg_lazy\" data-src=\"https:\/\/alvoradadaserra.com.br\/chales\/wp-content\/uploads\/2024\/04\/WhatsApp-Image-2024-04-29-at-10.25.21-1-200x200.jpeg\" width=\"200\" height=\"200\" alt=\"\" title=\"WhatsApp Image 2024-04-29 at 10.25.21 (1)\" \/><noscript><img loading=\"lazy\" decoding=\"async\" src=\"https:\/\/alvoradadaserra.com.br\/chales\/wp-content\/uploads\/2024\/04\/WhatsApp-Image-2024-04-29-at-10.25.21-1-200x200.jpeg\" width=\"200\" height=\"200\" alt=\"\" \/><\/noscript>\t\t<\/div>\t<\/a><\/li><li>\t<a class='lightbox-456' href='https:\/\/alvoradadaserra.com.br\/chales\/wp-content\/uploads\/2024\/04\/WhatsApp-Image-2024-04-29-at-10.24.44.jpeg'  title='' aria-haspopup='dialog' data-lightbox-gallery='gallery-456' >\t\t<div class=\"\"><img class=\"mg_lazy\" data-src=\"https:\/\/alvoradadaserra.com.br\/chales\/wp-content\/uploads\/2024\/04\/WhatsApp-Image-2024-04-29-at-10.24.44-200x200.jpeg\" width=\"200\" height=\"200\" alt=\"\" title=\"WhatsApp Image 2024-04-29 at 10.24.44\" \/><noscript><img loading=\"lazy\" decoding=\"async\" src=\"https:\/\/alvoradadaserra.com.br\/chales\/wp-content\/uploads\/2024\/04\/WhatsApp-Image-2024-04-29-at-10.24.44-200x200.jpeg\" width=\"200\" height=\"200\" alt=\"\" \/><\/noscript>\t\t<\/div>\t<\/a><\/li><li>\t<a class='lightbox-456' href='https:\/\/alvoradadaserra.com.br\/chales\/wp-content\/uploads\/2024\/04\/cer_02.jpeg'  title='' aria-haspopup='dialog' data-lightbox-gallery='gallery-456' >\t\t<div class=\"\"><img class=\"mg_lazy\" data-src=\"https:\/\/alvoradadaserra.com.br\/chales\/wp-content\/uploads\/2024\/04\/cer_02-200x200.jpeg\" width=\"200\" height=\"200\" alt=\"\" title=\"cer_02\" \/><noscript><img loading=\"lazy\" decoding=\"async\" src=\"https:\/\/alvoradadaserra.com.br\/chales\/wp-content\/uploads\/2024\/04\/cer_02-200x200.jpeg\" width=\"200\" height=\"200\" alt=\"\" \/><\/noscript>\t\t<\/div>\t<\/a><\/li><li>\t<a class='lightbox-456' href='https:\/\/alvoradadaserra.com.br\/chales\/wp-content\/uploads\/2024\/04\/cer_001.jpeg'  title='' aria-haspopup='dialog' data-lightbox-gallery='gallery-456' >\t\t<div class=\"\"><img class=\"mg_lazy\" data-src=\"https:\/\/alvoradadaserra.com.br\/chales\/wp-content\/uploads\/2024\/04\/cer_001-200x200.jpeg\" width=\"200\" height=\"200\" alt=\"\" title=\"cer_001\" \/><noscript><img loading=\"lazy\" decoding=\"async\" src=\"https:\/\/alvoradadaserra.com.br\/chales\/wp-content\/uploads\/2024\/04\/cer_001-200x200.jpeg\" width=\"200\" height=\"200\" alt=\"\" \/><\/noscript>\t\t<\/div>\t<\/a><\/li><li>\t<a class='lightbox-456' href='https:\/\/alvoradadaserra.com.br\/chales\/wp-content\/uploads\/2024\/04\/car_003.jpeg'  title='' aria-haspopup='dialog' data-lightbox-gallery='gallery-456' >\t\t<div class=\"\"><img class=\"mg_lazy\" data-src=\"https:\/\/alvoradadaserra.com.br\/chales\/wp-content\/uploads\/2024\/04\/car_003-200x200.jpeg\" width=\"200\" height=\"200\" alt=\"\" title=\"car_003\" \/><noscript><img loading=\"lazy\" decoding=\"async\" src=\"https:\/\/alvoradadaserra.com.br\/chales\/wp-content\/uploads\/2024\/04\/car_003-200x200.jpeg\" width=\"200\" height=\"200\" alt=\"\" \/><\/noscript>\t\t<\/div>\t<\/a><\/li><li>\t<a class='lightbox-456' href='https:\/\/alvoradadaserra.com.br\/chales\/wp-content\/uploads\/2024\/04\/car_01.jpeg'  title='' aria-haspopup='dialog' data-lightbox-gallery='gallery-456' >\t\t<div class=\"\"><img class=\"mg_lazy\" data-src=\"https:\/\/alvoradadaserra.com.br\/chales\/wp-content\/uploads\/2024\/04\/car_01-200x200.jpeg\" width=\"200\" height=\"200\" alt=\"\" title=\"car_01\" \/><noscript><img loading=\"lazy\" decoding=\"async\" src=\"https:\/\/alvoradadaserra.com.br\/chales\/wp-content\/uploads\/2024\/04\/car_01-200x200.jpeg\" width=\"200\" height=\"200\" alt=\"\" \/><\/noscript>\t\t<\/div>\t<\/a><\/li>\t\t<\/ul>\t\t<div class=\"clear\"><\/div>\t<\/div>\t<span style=\"display: none;\" class=\"hidden-image-tiles-gallery-id\">456<\/span>\t<span style=\"display: none;\" class=\"hidden-lightbox-skin\">none<\/span>\t<span style=\"display: none;\" class=\"hidden-lightbox-effect\">none<\/span>\t<span style=\"display: none;\" class=\"hidden-lightbox-kb-nav\">true<\/span>\t<span style=\"display: none;\" class=\"hidden-lightbox-img-click-close\">true<\/span>\t<span style=\"display: none;\" class=\"hidden-lightbox-ol-click-close\">true<\/span>\t<span style=\"display: none;\" class=\"hidden-lightbox-close-tip-text\">Close<\/span>\t<span style=\"display: none;\" class=\"hidden-lightbox-next-tip-text\">Next<\/span>\t<span style=\"display: none;\" class=\"hidden-lightbox-prev-tip-text\">Previous<\/span>\t<span style=\"display: none;\" class=\"hidden-lightbox-error-tip-text\">The requested content cannot be loaded. Please try again later.<\/span><\/div><script>\ndocument.addEventListener(\"DOMContentLoaded\", function(event) { \njQuery(\"img.mg_lazy\").lazyload({threshold : 1});\n});\n<\/script>\n<\/p>\n\n\n<div class=\"wp-block-buttons is-layout-flex wp-block-buttons-is-layout-flex\">\n<div class=\"wp-block-button is-style-fill\"><a class=\"wp-block-button__link has-black-color has-text-color has-background wp-element-button\" href=\"https:\/\/alvoradadaserra.com.br\/chales\/fale-conosco\/\" style=\"background:linear-gradient(135deg,rgb(229,122,6) 0%,rgb(224,212,82) 100%)\">Reserve Agora<\/a><\/div>\n<\/div>\n","protected":false},"excerpt":{"rendered":"<p>O Chal\u00e9 Cerejeira (m\u00e1ster luxo) s\u00e3o 40 metros quadrados, vista panor\u00e2mica para as montanhas, acomoda 02 pessoas possui, cama queen size, mesa com 2 cadeiras, lareira, TV 50, chuveiro a g\u00e1s,\u00a0banheira de hidromassagem com cromoterapia, frigobar, banheiro com secador de cabelo. Delicioso caf\u00e9 da manh\u00e3 na cesta entregue no chal\u00e9 [&hellip;]<\/p>\n","protected":false},"author":1,"featured_media":0,"parent":0,"menu_order":0,"comment_status":"closed","ping_status":"closed","template":"","meta":{"footnotes":""},"_links":{"self":[{"href":"https:\/\/alvoradadaserra.com.br\/chales\/wp-json\/wp\/v2\/pages\/405"}],"collection":[{"href":"https:\/\/alvoradadaserra.com.br\/chales\/wp-json\/wp\/v2\/pages"}],"about":[{"href":"https:\/\/alvoradadaserra.com.br\/chales\/wp-json\/wp\/v2\/types\/page"}],"author":[{"embeddable":true,"href":"https:\/\/alvoradadaserra.com.br\/chales\/wp-json\/wp\/v2\/users\/1"}],"replies":[{"embeddable":true,"href":"https:\/\/alvoradadaserra.com.br\/chales\/wp-json\/wp\/v2\/comments?post=405"}],"version-history":[{"count":4,"href":"https:\/\/alvoradadaserra.com.br\/chales\/wp-json\/wp\/v2\/pages\/405\/revisions"}],"predecessor-version":[{"id":640,"href":"https:\/\/alvoradadaserra.com.br\/chales\/wp-json\/wp\/v2\/pages\/405\/revisions\/640"}],"wp:attachment":[{"href":"https:\/\/alvoradadaserra.com.br\/chales\/wp-json\/wp\/v2\/media?parent=405"}],"curies":[{"name":"wp","href":"https:\/\/api.w.org\/{rel}","templated":true}]}}